{"id":2677,"date":"2026-03-04T13:24:44","date_gmt":"2026-03-04T12:24:44","guid":{"rendered":"https:\/\/psd-ipan.ichb.pl\/?page_id=2677"},"modified":"2026-03-10T08:19:33","modified_gmt":"2026-03-10T07:19:33","slug":"sylabusy","status":"publish","type":"page","link":"https:\/\/psd-ipan.ichb.pl\/index.php\/sylabusy\/","title":{"rendered":"Sylabusy"},"content":{"rendered":"\n    \n    <section class=\"u-clearfix u-section-2\" id=\"sec-19fc\">\n      <div data-interval=\"5000\" data-u-ride=\"carousel\" class=\"u-carousel u-expanded-width-lg u-expanded-width-md u-expanded-width-sm u-expanded-width-xl u-slider u-slider-1\" id=\"carousel-44d2\">\n        <ol class=\"u-absolute-hcenter u-carousel-indicators u-carousel-indicators-1\">\n          <li data-u-target=\"#carousel-44d2\" class=\"u-active u-active-grey-10 u-grey-30\" data-u-slide-to=\"0\"><\/li>\n          <li data-u-target=\"#carousel-44d2\" class=\"u-active-grey-10 u-grey-30\" data-u-slide-to=\"1\"><\/li>\n          <li data-u-target=\"#carousel-44d2\" class=\"u-active-grey-10 u-grey-30\" data-u-slide-to=\"2\"><\/li>\n          <li data-u-target=\"#carousel-44d2\" class=\"u-active-grey-10 u-grey-30\" data-u-slide-to=\"3\"><\/li>\n          <li data-u-target=\"#carousel-44d2\" class=\"u-active-grey-10 u-grey-30\" data-u-slide-to=\"4\"><\/li>\n        <\/ol>\n        <div class=\"u-carousel-inner\" role=\"listbox\">\n          <div class=\"u-active u-carousel-item u-container-style u-image u-slide u-image-1\" data-image-width=\"1600\" data-image-height=\"800\" style=\"background-image: url(&quot;https:\/\/psd-ipan.ichb.pl\/wp-content\/uploads\/2023\/05\/Poznan_wieniawskiego_osrodek_nauki_pan-2-1.jpg&quot;);\">\n            <div class=\"u-container-layout u-container-layout-1\">\n              <div class=\"u-align-left u-container-align-center-md u-container-align-center-sm u-container-align-center-xs u-container-align-left u-container-style u-custom-color-1 u-expanded-width u-group u-opacity u-opacity-25 u-shape-rectangle u-group-1\">\n                <div class=\"u-container-layout u-valign-middle-md u-valign-middle-sm u-valign-middle-xs u-container-layout-2\">\n                  <img decoding=\"async\" class=\"u-align-center u-image u-image-contain u-image-default u-image-2\" src=\"https:\/\/psd-ipan.ichb.pl\/wp-content\/uploads\/2023\/05\/logonazwa-kolorikadr-1.jpg\" alt=\"\" data-image-width=\"2023\" data-image-height=\"361\">\n                <\/div>\n              <\/div>\n            <\/div>\n          <\/div>\n          <div class=\"u-carousel-item u-container-style u-image u-slide u-image-3\" data-image-width=\"1120\" data-image-height=\"350\" style=\"background-image: url(&quot;https:\/\/psd-ipan.ichb.pl\/wp-content\/uploads\/2023\/05\/instytut_genetykiczlowieka_slider-3-1.jpg&quot;);\">\n            <div class=\"u-container-layout u-container-layout-3\">\n              <div class=\"u-align-left u-container-align-left u-container-style u-custom-color-1 u-expanded-width u-group u-opacity u-opacity-25 u-shape-rectangle u-group-2\">\n                <div class=\"u-container-layout u-container-layout-4\">\n                  <img decoding=\"async\" class=\"u-align-center u-image u-image-contain u-image-default u-image-4\" src=\"https:\/\/psd-ipan.ichb.pl\/wp-content\/uploads\/2023\/05\/logonazwa-kolorikadr-1.jpg\" alt=\"\" data-image-width=\"2023\" data-image-height=\"361\">\n                <\/div>\n              <\/div>\n            <\/div>\n          <\/div>\n          <div class=\"u-carousel-item u-container-style u-image u-slide u-image-5\" data-image-width=\"1200\" data-image-height=\"900\" style=\"background-image: url(&quot;https:\/\/psd-ipan.ichb.pl\/wp-content\/uploads\/2023\/05\/instytut_dendrologii-3-1.jpg&quot;);\">\n            <div class=\"u-container-layout u-container-layout-5\">\n              <div class=\"u-align-left u-container-align-left u-container-style u-custom-color-1 u-expanded-width-md u-expanded-width-sm u-expanded-width-xl u-expanded-width-xs u-group u-opacity u-opacity-25 u-shape-rectangle u-group-3\">\n                <div class=\"u-container-layout u-container-layout-6\">\n                  <img decoding=\"async\" class=\"u-align-center u-image u-image-contain u-image-default u-image-6\" src=\"https:\/\/psd-ipan.ichb.pl\/wp-content\/uploads\/2023\/05\/logonazwa-kolorikadr-1.jpg\" alt=\"\" data-image-width=\"2023\" data-image-height=\"361\">\n                <\/div>\n              <\/div>\n            <\/div>\n          <\/div>\n          <div class=\"u-carousel-item u-container-style u-image u-slide u-image-7\" data-image-width=\"521\" data-image-height=\"202\" style=\"background-image: url(&quot;https:\/\/psd-ipan.ichb.pl\/wp-content\/uploads\/2023\/05\/instytut_genetyki_roslin_-3-1.jpg&quot;);\">\n            <div class=\"u-container-layout u-container-layout-7\">\n              <div class=\"u-align-left u-container-align-left u-container-style u-custom-color-1 u-expanded-width u-group u-opacity u-opacity-25 u-shape-rectangle u-group-4\">\n                <div class=\"u-container-layout u-container-layout-8\">\n                  <img decoding=\"async\" class=\"u-align-center u-image u-image-contain u-image-default u-image-8\" src=\"https:\/\/psd-ipan.ichb.pl\/wp-content\/uploads\/2023\/05\/logonazwa-kolorikadr-1.jpg\" alt=\"\" data-image-width=\"2023\" data-image-height=\"361\">\n                <\/div>\n              <\/div>\n            <\/div>\n          <\/div>\n          <div class=\"u-carousel-item u-container-style u-image u-slide u-image-9\" data-image-width=\"1018\" data-image-height=\"267\" style=\"background-image: url(&quot;https:\/\/psd-ipan.ichb.pl\/wp-content\/uploads\/2023\/05\/budynek_IFM-seoheader-2-1.jpg&quot;);\">\n            <div class=\"u-container-layout u-container-layout-9\">\n              <div class=\"u-align-left u-container-align-left u-container-style u-custom-color-1 u-expanded-width-md u-expanded-width-sm u-expanded-width-xl u-expanded-width-xs u-group u-opacity u-opacity-25 u-shape-rectangle u-group-5\">\n                <div class=\"u-container-layout u-container-layout-10\">\n                  <img decoding=\"async\" class=\"u-align-center u-image u-image-contain u-image-default u-image-10\" src=\"https:\/\/psd-ipan.ichb.pl\/wp-content\/uploads\/2023\/05\/logonazwa-kolorikadr-1.jpg\" alt=\"\" data-image-width=\"2023\" data-image-height=\"361\">\n                <\/div>\n              <\/div>\n            <\/div>\n          <\/div>\n        <\/div>\n        <a class=\"u-absolute-vcenter u-carousel-control u-carousel-control-prev u-spacing-5 u-text-body-alt-color u-carousel-control-1\" href=\"#carousel-44d2\" role=\"button\" data-u-slide=\"prev\"><span aria-hidden=\"true\">\n            <svg viewBox=\"0 0 477.175 477.175\"><path d=\"M145.188,238.575l215.5-215.5c5.3-5.3,5.3-13.8,0-19.1s-13.8-5.3-19.1,0l-225.1,225.1c-5.3,5.3-5.3,13.8,0,19.1l225.1,225\n                    c2.6,2.6,6.1,4,9.5,4s6.9-1.3,9.5-4c5.3-5.3,5.3-13.8,0-19.1L145.188,238.575z\"><\/path><\/svg><\/span><span class=\"sr-only\">Previous<\/span>\n        <\/a>\n        <a class=\"u-absolute-vcenter u-carousel-control u-carousel-control-next u-spacing-5 u-text-body-alt-color u-carousel-control-2\" href=\"#carousel-44d2\" role=\"button\" data-u-slide=\"next\"><span aria-hidden=\"true\">\n            <svg viewBox=\"0 0 477.175 477.175\"><path d=\"M360.731,229.075l-225.1-225.1c-5.3-5.3-13.8-5.3-19.1,0s-5.3,13.8,0,19.1l215.5,215.5l-215.5,215.5\n                    c-5.3,5.3-5.3,13.8,0,19.1c2.6,2.6,6.1,4,9.5,4c3.4,0,6.9-1.3,9.5-4l225.1-225.1C365.931,242.875,365.931,234.275,360.731,229.075z\"><\/path><\/svg><\/span><span class=\"sr-only\">Next<\/span>\n        <\/a>\n      <\/div>\n    <\/section>\n    <section class=\"u-clearfix u-section-3\" id=\"sec-66c8\">\n      <div class=\"u-clearfix u-sheet u-valign-middle u-sheet-1\">\n        <p class=\"u-align-center u-custom-font u-font-roboto-slab u-text u-text-1\"><b>Pozna\u0144sk\u0105 Szko\u0142\u0119 Doktorsk\u0105 Instytut\u00f3w Polskiej Akademii Nauk prowadz\u0105 wsp\u00f3lnie:&nbsp;<\/b>\n        <\/p>\n        <div class=\"u-clearfix u-expanded-width u-gutter-6 u-layout-wrap u-layout-wrap-1\">\n          <div class=\"u-gutter-0 u-layout\" style=\"\">\n            <div class=\"u-layout-row\" style=\"\">\n              <div class=\"u-container-style u-layout-cell u-size-12 u-size-20-md u-layout-cell-1\" data-href=\"https:\/\/portal.ichb.pl\/\" data-target=\"_blank\">\n                <div class=\"u-container-layout u-container-layout-1\">\n                  <img decoding=\"async\" class=\"u-expanded-width-lg u-expanded-width-md u-expanded-width-xl u-image u-image-contain u-image-1\" src=\"https:\/\/psd-ipan.ichb.pl\/wp-content\/uploads\/2023\/05\/logo-skrot-pl1-1.jpg\" data-image-width=\"1381\" data-image-height=\"1488\" alt=\"logo instytutu ICHB PAN\" data-href=\"https:\/\/portal.ichb.pl\/\" data-target=\"_blank\">\n                  <p class=\"u-align-center u-text u-text-2\"><span style=\"font-weight: 700;\">INSTYTUT CHEMII BIOORGANICZNEJ<br><\/span>POLSKIEJ AKADEMII NAUK\n                  <\/p>\n                <\/div>\n              <\/div>\n              <div class=\"u-container-style u-layout-cell u-size-12 u-size-20-md u-layout-cell-2\" data-href=\"http:\/\/www.idpan.poznan.pl\/\" data-target=\"_blank\">\n                <div class=\"u-container-layout u-container-layout-2\">\n                  <img decoding=\"async\" class=\"u-align-center u-image u-image-default u-preserve-proportions u-image-2\" src=\"https:\/\/psd-ipan.ichb.pl\/wp-content\/uploads\/2023\/05\/logoIDPANpomniejszony-2.png\" alt=\"LOGO ID IPAN\" data-image-width=\"250\" data-image-height=\"234\" data-href=\"http:\/\/www.idpan.poznan.pl\/\" data-target=\"_blank\">\n                  <p class=\"u-align-center u-text u-text-3\"><span style=\"font-weight: 700;\"><\/span><b>INSTYTUT DENDROLOGII<\/b>&nbsp;<br>POLSKIEJ\nAKADEMII NAUK\n                  <\/p>\n                <\/div>\n              <\/div>\n              <div class=\"u-container-align-center u-container-style u-layout-cell u-size-12 u-size-20-md u-layout-cell-3\" data-href=\"https:\/\/www.ifmpan.poznan.pl\/pl\/\" data-target=\"_blank\">\n                <div class=\"u-container-layout u-container-layout-3\">\n                  <img decoding=\"async\" class=\"u-image u-image-default u-image-3\" src=\"https:\/\/psd-ipan.ichb.pl\/wp-content\/uploads\/2023\/05\/logoIFM-duze-bez-tla-2.png\" alt=\"logo IFM IPAN\" data-image-width=\"1280\" data-image-height=\"918\" data-href=\"https:\/\/www.ifmpan.poznan.pl\/pl\/\" data-target=\"_blank\">\n                  <p class=\"u-align-center u-text u-text-4\"><span style=\"font-weight: 700;\"><\/span><b>INSTYTUT FIZYKI MOLEKULARNEJ<\/b>&nbsp;<br>POLSKIEJ\nAKADEMII NAUK&nbsp; &nbsp; &nbsp;\n                  <\/p>\n                <\/div>\n              <\/div>\n              <div class=\"u-container-style u-layout-cell u-size-12 u-size-30-md u-layout-cell-4\" data-href=\"https:\/\/igcz.poznan.pl\/test-na-koronawirusa\/\" data-target=\"_blank\">\n                <div class=\"u-container-layout u-container-layout-4\">\n                  <img decoding=\"async\" class=\"u-image u-image-contain u-image-default u-preserve-proportions u-image-4\" src=\"https:\/\/psd-ipan.ichb.pl\/wp-content\/uploads\/2023\/05\/igc-1-1.png\" alt=\"LOGO IGC IPAN\" data-image-width=\"265\" data-image-height=\"209\" data-href=\"https:\/\/igcz.poznan.pl\/test-na-koronawirusa\/\" data-target=\"_blank\">\n                  <p class=\"u-align-center u-text u-text-5\"><span style=\"font-weight: 700;\"><\/span><b>INSTYTUT GENETYKI CZ\u0141OWIEKA<\/b>\n                    <br>POLSKIEJ\nAKADEMII NAUK\n                  <\/p>\n                <\/div>\n              <\/div>\n              <div class=\"u-container-style u-layout-cell u-size-12 u-size-30-md u-layout-cell-5\" data-href=\"http:\/\/www.igr.poznan.pl\/\" data-target=\"_blank\">\n                <div class=\"u-container-layout u-container-layout-5\">\n                  <img decoding=\"async\" class=\"u-align-center u-image u-image-default u-preserve-proportions u-image-5\" src=\"https:\/\/psd-ipan.ichb.pl\/wp-content\/uploads\/2023\/05\/IGR_LOGO_ZIELONE-3.png\" alt=\"logo IGR IPAN\" data-image-width=\"561\" data-image-height=\"557\" data-href=\"http:\/\/www.igr.poznan.pl\/\" data-target=\"_blank\">\n                  <p class=\"u-align-center u-text u-text-6\"><span style=\"font-weight: 700;\"><\/span><b>INSTYTUT GENETYKI RO\u015aLIN<\/b>\n                    <br>&nbsp;POLSKIEJ\nAKADEMII NAUK\n                  <\/p>\n                <\/div>\n              <\/div>\n            <\/div>\n          <\/div>\n        <\/div>\n      <\/div>\n    <\/section>\n    <section class=\"skrollable u-clearfix u-grey-5 u-section-4\" id=\"rekrutacja\">\n      <div class=\"u-container-style u-custom-color-1 u-expanded-width u-group u-opacity u-opacity-85 u-shape-rectangle u-group-1\">\n        <div class=\"u-container-layout u-valign-middle u-container-layout-1\">\n          <h2 class=\"u-align-center u-text u-text-default u-text-1\">Sylabusy \/ Syllabuses<\/h2>\n        <\/div>\n      <\/div>\n      <div class=\"data-layout-selected u-clearfix u-gutter-10 u-layout-wrap u-layout-wrap-1\">\n        <div class=\"u-gutter-0 u-layout\" style=\"\">\n          <div class=\"u-layout-row\" style=\"\">\n            <div class=\"u-container-style u-layout-cell u-size-60 u-white u-layout-cell-1\">\n              <div class=\"u-container-layout u-valign-top u-container-layout-2\">\n                <h3 class=\"u-align-center u-text u-text-2\">2025\/2026<\/h3>\n                <p class=\"u-align-center u-custom-font u-font-roboto-slab u-text u-text-3\">\n                  <a href=\"https:\/\/psd-ipan.ichb.pl\/wp-content\/uploads\/2026\/03\/Zacznikbeztytuu01580.pdf\" class=\"u-active-none u-border-none u-btn u-button-style u-hover-none u-none u-text-palette-1-base u-btn-1\">Proteins, proteomics, and mass spectrometry: modern technologies and their applications (Course lecture)<\/a>\n                  <br>\n                  <br>\n                  <a href=\"https:\/\/psd-ipan.ichb.pl\/wp-content\/uploads\/2025\/09\/treesandforests_LF1.pdf\" class=\"u-active-none u-border-none u-btn u-button-style u-hover-none u-none u-text-palette-1-base u-btn-2\">Methods for the determination and evaluation of the three-dimensional structure of biomolecules (Facultative lecture)<\/a>\n                  <br>\n                  <br>\n                  <a href=\"https:\/\/psd-ipan.ichb.pl\/wp-content\/uploads\/2025\/09\/Practicalandethicalaspectsofdoingscienceandpublishing.pdf\" class=\"u-active-none u-border-none u-btn u-button-style u-hover-none u-none u-text-palette-1-base u-btn-3\">Practical and ethical aspects of doing science and publishing (Facultative lecture\/ general competencies)<\/a>\n                  <br>\n                  <br>\n                  <a href=\"https:\/\/psd-ipan.ichb.pl\/wp-content\/uploads\/2025\/10\/Zacznikbeztytuu02467.pdf\" class=\"u-active-none u-border-none u-btn u-button-style u-hover-none u-none u-text-palette-1-base u-btn-4\">Basics of statistical inference in the biological sciences (Facultative lecture)<\/a>\n                  <br>\n                  <br>\n                  <a href=\"https:\/\/psd-ipan.ichb.pl\/wp-content\/uploads\/2025\/09\/EcologyofwoodyplantsobligatorylectureforIDPAN_biologicalsciences.pdf\" class=\"u-active-none u-border-none u-btn u-button-style u-hover-none u-none u-text-palette-1-base u-btn-5\">Ecology of woody plants (Course lecture)<\/a>\n                  <br>\n                  <br>\n                  <a href=\"https:\/\/psd-ipan.ichb.pl\/wp-content\/uploads\/2025\/09\/treesandforests_LF1.pdf\" class=\"u-active-none u-border-none u-btn u-button-style u-hover-none u-none u-text-palette-1-base u-btn-6\">Trees and forests \u2013 now and the future (set 1) (Facultative lecture)<\/a>\n                  <br>\n                  <br>\n                  <a href=\"https:\/\/psd-ipan.ichb.pl\/wp-content\/uploads\/2026\/03\/Zacznikbeztytuu01580.pdf\" class=\"u-active-none u-border-none u-btn u-button-style u-hover-none u-none u-text-palette-1-base u-btn-7\">Translational Leadership, Research Integrity and Commercialization in Biomedical Sciences (Facultative lecture)<\/a>\n                  <br>\n                  <br>\n                  <a href=\"https:\/\/psd-ipan.ichb.pl\/wp-content\/uploads\/2026\/03\/LiquidCrystalsasfunctionalmaterialsinmoderntechnologies.pdf\" class=\"u-active-none u-border-none u-btn u-button-style u-hover-none u-none u-text-palette-1-base u-btn-8\">Liquid Crystals as functional materials in modern technologies (Facultative lecture)<\/a>\n                  <br>\n                  <br>\n                  <a href=\"https:\/\/psd-ipan.ichb.pl\/wp-content\/uploads\/2026\/03\/Zacznikbeztytuu01577.pdf\" class=\"u-active-none u-border-none u-btn u-button-style u-hover-none u-none u-text-palette-1-base u-btn-9\">Plant genome structure and practical implications in applied legume studies (Course lecture)<\/a>\n                <\/p>\n              <\/div>\n            <\/div>\n          <\/div>\n        <\/div>\n      <\/div>\n    <\/section>\n    \n    \n    \n  \n","protected":false},"excerpt":{"rendered":"<p>Previous Next Pozna\u0144sk\u0105 Szko\u0142\u0119 Doktorsk\u0105 Instytut\u00f3w Polskiej Akademii Nauk prowadz\u0105 wsp\u00f3lnie:&nbsp; INSTYTUT CHEMII BIOORGANICZNEJPOLSKIEJ AKADEMII NAUK INSTYTUT DENDROLOGII&nbsp;POLSKIEJ AKADEMII NAUK INSTYTUT FIZYKI MOLEKULARNEJ&nbsp;POLSKIEJ AKADEMII NAUK&nbsp; &nbsp; &nbsp; INSTYTUT GENETYKI CZ\u0141OWIEKA POLSKIEJ AKADEMII NAUK INSTYTUT GENETYKI RO\u015aLIN &nbsp;POLSKIEJ AKADEMII NAUK Sylabusy \/ Syllabuses 2025\/2026 Proteins, proteomics, and mass spectrometry: modern technologies and their applications (Course lecture) &hellip; <a href=\"https:\/\/psd-ipan.ichb.pl\/index.php\/sylabusy\/\" class=\"more-link\">Continue reading<span class=\"screen-reader-text\"> &#8222;Sylabusy&#8221;<\/span><\/a><\/p>\n","protected":false},"author":3,"featured_media":0,"parent":0,"menu_order":1,"comment_status":"closed","ping_status":"closed","template":"","meta":{"footnotes":""},"class_list":["post-2677","page","type-page","status-publish","hentry"],"_links":{"self":[{"href":"https:\/\/psd-ipan.ichb.pl\/index.php\/wp-json\/wp\/v2\/pages\/2677","targetHints":{"allow":["GET"]}}],"collection":[{"href":"https:\/\/psd-ipan.ichb.pl\/index.php\/wp-json\/wp\/v2\/pages"}],"about":[{"href":"https:\/\/psd-ipan.ichb.pl\/index.php\/wp-json\/wp\/v2\/types\/page"}],"author":[{"embeddable":true,"href":"https:\/\/psd-ipan.ichb.pl\/index.php\/wp-json\/wp\/v2\/users\/3"}],"replies":[{"embeddable":true,"href":"https:\/\/psd-ipan.ichb.pl\/index.php\/wp-json\/wp\/v2\/comments?post=2677"}],"version-history":[{"count":8,"href":"https:\/\/psd-ipan.ichb.pl\/index.php\/wp-json\/wp\/v2\/pages\/2677\/revisions"}],"predecessor-version":[{"id":2715,"href":"https:\/\/psd-ipan.ichb.pl\/index.php\/wp-json\/wp\/v2\/pages\/2677\/revisions\/2715"}],"wp:attachment":[{"href":"https:\/\/psd-ipan.ichb.pl\/index.php\/wp-json\/wp\/v2\/media?parent=2677"}],"curies":[{"name":"wp","href":"https:\/\/api.w.org\/{rel}","templated":true}]}}